{"id":15280,"date":"2017-08-11T10:08:48","date_gmt":"2017-08-11T08:08:48","guid":{"rendered":"http:\/\/stellmach.iostage.net\/biography\/"},"modified":"2025-08-08T16:55:38","modified_gmt":"2025-08-08T14:55:38","slug":"thomas-stellmach-biografie","status":"publish","type":"page","link":"https:\/\/stellmach.com\/de\/ueber-mich\/thomas-stellmach-biografie\/","title":{"rendered":"Thomas Stellmach &#8211; Biografie"},"content":{"rendered":"<div class=\"wpb-content-wrapper\"><p>[vc_row css_animation=&#8220;&#8220; row_type=&#8220;row&#8220; use_row_as_full_screen_section=&#8220;no&#8220; type=&#8220;full_width&#8220; angled_section=&#8220;no&#8220; text_align=&#8220;left&#8220; background_image_as_pattern=&#8220;without_pattern&#8220;][vc_column][vc_gallery interval=&#8220;3&#8243; images=&#8220;17911,17913&#8243; img_size=&#8220;full&#8220; css=&#8220;.vc_custom_1653578206050{margin-bottom: -24px !important;}&#8220;][vc_column_text css=&#8220;.vc_custom_1754338453722{border-bottom-width: 2px !important;border-bottom-style: solid !important;border-color: #eaeaea !important;}&#8220;]<\/p>\n<h1>Thomas Stellmach &#8211; Biografie<\/h1>\n<p>[\/vc_column_text][vc_column_text css=&#8220;.vc_custom_1754663942740{margin-top: 16px !important;margin-bottom: 32px !important;}&#8220;]Ich bin ein <strong>Oscar<sup>\u00a9<\/sup>-pr\u00e4mierter Trickfilmregisseur<\/strong> aus <strong>Kassel<\/strong>, spezialisiert auf <strong>k\u00fcnstlerische animierte Kurzfilme<\/strong> und <strong>Trickfilmworkshops <\/strong>bzw. <strong>Animationsworkshops<\/strong>.<\/p>\n<p>&nbsp;<\/p>\n<p>Geboren <strong>1965<\/strong> in <strong>Straubing<\/strong>, entdeckte ich schon fr\u00fch meine Leidenschaft f\u00fcr <strong>Malerei<\/strong>, <strong>Modellbau<\/strong> und <strong>Filmemachen<\/strong>. Als Jugendlicher wurde ich mehrfach mit <strong>nationalen Preisen<\/strong> in <strong>Kunstwettbewerben<\/strong> ausgezeichnet.<\/p>\n<p>&nbsp;<\/p>\n<p>Die bahnbrechenden <strong>visuellen Effekte<\/strong> und das fantasievolle <strong>Storytelling<\/strong> der Star-Wars-Filme in den 1980er-Jahren weckten mein Interesse am <strong>Film<\/strong> \u2013 insbesondere an der <strong>Animation<\/strong>, die mir erlaubte, eigene Ideen visuell umzusetzen. <strong>1982<\/strong> begann ich, eigene <strong><a class=\"_ps2id\" href=\"https:\/\/stellmach.com\/de\/portfolio_page\/first-films\/\" data-ps2id-offset=\"\">Stop-Motion-Filme<\/a><\/strong>\u00a0zu produzieren \u2013 noch bevor ich mein Studium an der <strong>Kunsthochschule Kassel<\/strong> bei <strong>Oscar<sup>\u00a9<\/sup>-Nominee <a href=\"http:\/\/pdriessen.com\/\" target=\"_blank\" rel=\"noopener\">Paul Driessen<\/a> <\/strong>aufnahm.<\/p>\n<p><strong data-start=\"93\" data-end=\"120\">W\u00e4hrend meines Studiums<\/strong> entstand <strong data-start=\"130\" data-end=\"138\">1996<\/strong> in Zusammenarbeit mit <strong data-start=\"161\" data-end=\"181\" data-is-only-node=\"\">Tyron Montgomery<\/strong> der <strong data-start=\"186\" data-end=\"216\">Stop-Motion-Kurzfilm <a class=\"_ps2id __mPS2id\" href=\"https:\/\/stellmach.com\/de\/portfolio_page\/animationsfilm-quest\/\" data-ps2id-offset=\"\">QUEST<\/a>,<\/strong>\u00a0der <strong><a class=\"_ps2id\" href=\"https:\/\/stellmach.com\/de\/ueber-mich\/thomas-stellmach-interviews-reportagen\/#ts_interviews-quest\" data-ps2id-offset=\"\">1997 mit dem Academy Award<sup>\u00a9<\/sup> f\u00fcr den besten animierten Kurzfilm<\/a> <\/strong>ausgezeichnet wurde.<\/p>\n<p>&nbsp;<\/p>\n<p>Nach meinem <strong>k\u00fcnstlerischen Diplom<\/strong> gr\u00fcndete ich <strong>1999<\/strong> das <strong>Studio Lichthof \u2013 Film &amp; Animation<\/strong> in <strong>Kassel<\/strong>. Gemeinsam mit meinem Team produzierte ich dort <strong>animierte <a class=\"_ps2id __mPS2id\" href=\"https:\/\/stellmach.com\/de\/portfolio_page\/werbefilme-lichthof\/\" data-ps2id-offset=\"\">Werbespots<\/a><\/strong>\u00a0f\u00fcr <strong>Werbeagenturen<\/strong>, das <strong>Fernsehen<\/strong> und <strong>Musiklabels<\/strong>. Heute liegt mein Fokus vollst\u00e4ndig auf <strong>unabh\u00e4ngigen k\u00fcnstlerischen Produktionen<\/strong>, <strong>Animationsworkshops<\/strong> und <strong>\u00f6ffentlichen Pr\u00e4sentationen<\/strong>.<\/p>\n<p>&nbsp;<\/p>\n<p><strong>Seit den fr\u00fchen 1980er-Jahren<\/strong> produziere ich <strong>unabh\u00e4ngige animierte Kurzfilme<\/strong>, die auf <strong>Filmfestivals weltweit<\/strong> gezeigt und mit <strong>\u00fcber 150 internationalen Preisen<\/strong> ausgezeichnet wurden \u2013 sowohl im <strong>studentischen<\/strong> als auch im <strong>professionellen Bereich<\/strong>. Ich nutze eine Vielzahl von <strong>Animationstechniken<\/strong>, darunter <strong>klassischer 2D-Zeichentrick<\/strong>, <strong>Stop-Motion<\/strong>, <strong>Pixilation<\/strong>, <strong>3D-Computeranimation<\/strong> und e<strong>xperimentelle Tuschanimation<\/strong>, um <strong>visuell eigenst\u00e4ndige und ausdrucksstarke Geschichten<\/strong> zu erz\u00e4hlen.<\/p>\n<p>&nbsp;<\/p>\n<p>Neben meiner k\u00fcnstlerischen Arbeit leite ich seit <strong>1996<\/strong> regelm\u00e4\u00dfig <strong><a class=\"_ps2id\" href=\"https:\/\/stellmach.com\/de\/book-me\/trickfilm-workshops\/\" data-ps2id-offset=\"\">Animationsworkshops<\/a>\u00a0<\/strong>f\u00fcr <strong>Kinder<\/strong>, <strong>Jugendliche<\/strong> und <strong>Erwachsene<\/strong>. In meiner <strong><a href=\"https:\/\/stellmach.com\/de\/book-me\/trickfilm-show\/\">Trickfilm-Show<\/a><\/strong>\u00a0pr\u00e4sentiere ich meine <strong><a class=\"_ps2id __mPS2id\" href=\"https:\/\/stellmach.com\/de\/trickfilme\/\" data-ps2id-offset=\"\">Kurzfilme<\/a><\/strong> <strong>live<\/strong> und gebe Einblicke in den <strong>kreativen Entstehungsprozess<\/strong>. Meine interaktiven \u00a0<strong><a href=\"https:\/\/stellmach.com\/de\/portfolio_page\/spinning-animation-show\/\">Spinning-Animation-Shows<\/a><\/strong>\u00a0bringen historische Animationsger\u00e4te wie das <strong>Zoetrop<\/strong> zum Einsatz und verbinden <strong>k\u00fcnstlerische Praxis<\/strong> mit einem lebendigen Zugang zur <strong>Filmgeschichte<\/strong>.<\/p>\n<p>&nbsp;<\/p>\n<p>Ich lebe und arbeite in <strong>Kassel<\/strong>, <strong>Deutschland<\/strong> \u2013 als <strong>unabh\u00e4ngiger Trickfilmk\u00fcnstler<\/strong>, Dozent und <strong>Oscar<sup>\u00a9<\/sup>-pr\u00e4mierter Filmemacher<\/strong> mit einer Leidenschaft f\u00fcr <strong>kreatives Erz\u00e4hlen<\/strong>.<\/p>\n<p>&nbsp;<\/p>\n<p>&nbsp;<\/p>\n<p>Erfahren Sie mehr in\u00a0<strong><a href=\"https:\/\/stellmach.com\/de\/ueber-mich\/thomas-stellmach-interviews\/\">Interviews<\/a><\/strong>, einer vollst\u00e4ndigen\u00a0<strong><a class=\"_ps2id __mPS2id\" href=\"https:\/\/stellmach.com\/de\/ueber-mich\/thomas-stellmach-filmografie\/\" data-ps2id-offset=\"\">Filmografie<\/a>\u00a0<\/strong>und in meiner\u00a0<strong><a class=\"_ps2id __mPS2id\" href=\"https:\/\/stellmach.com\/de\/gallerie\/\" data-ps2id-offset=\"\">Gallerie<\/a>\u00a0<\/strong>mit Produktionsfotos und exklusiven Einblicken in meine Animationsfilme.[\/vc_column_text][\/vc_column][\/vc_row]<\/p>\n<\/div>","protected":false},"excerpt":{"rendered":"<p>[vc_row css_animation=&#8220;&#8220; row_type=&#8220;row&#8220; use_row_as_full_screen_section=&#8220;no&#8220; type=&#8220;full_width&#8220; angled_section=&#8220;no&#8220; text_align=&#8220;left&#8220; background_image_as_pattern=&#8220;without_pattern&#8220;][vc_column][vc_gallery interval=&#8220;3&#8243; images=&#8220;17911,17913&#8243; img_size=&#8220;full&#8220; css=&#8220;.vc_custom_1653578206050{margin-bottom: -24px !important;}&#8220;][vc_column_text css=&#8220;.vc_custom_1754338453722{border-bottom-width: 2px !important;border-bottom-style: solid !important;border-color: #eaeaea !important;}&#8220;] Thomas Stellmach &#8211; Biografie [\/vc_column_text][vc_column_text css=&#8220;.vc_custom_1754663942740{margin-top: 16px !important;margin-bottom: 32px !important;}&#8220;]Ich bin ein Oscar\u00a9-pr\u00e4mierter Trickfilmregisseur aus Kassel, spezialisiert auf k\u00fcnstlerische animierte Kurzfilme und Trickfilmworkshops bzw&#8230;.<\/p>\n","protected":false},"author":4,"featured_media":0,"parent":19611,"menu_order":10,"comment_status":"closed","ping_status":"closed","template":"","meta":{"footnotes":""},"class_list":["post-15280","page","type-page","status-publish","hentry"],"yoast_head":"<!-- This site is optimized with the Yoast SEO plugin v27.0 - https:\/\/yoast.com\/product\/yoast-seo-wordpress\/ -->\n<title>Biografie des Trickfilmregisseurs Thomas Stellmach<\/title>\n<meta name=\"description\" content=\"Oscar\u00ae-pr\u00e4mierter Trickfilmer aus Kassel. 150+ Preise f\u00fcr Kurzfilme und Workshops. Einblicke in seine Arbeit und kreative Entwicklung.\" \/>\n<meta name=\"robots\" content=\"index, follow, max-snippet:-1, max-image-preview:large, max-video-preview:-1\" \/>\n<link rel=\"canonical\" href=\"https:\/\/stellmach.com\/de\/ueber-mich\/thomas-stellmach-biografie\/\" \/>\n<meta property=\"og:locale\" content=\"de_DE\" \/>\n<meta property=\"og:type\" content=\"article\" \/>\n<meta property=\"og:title\" content=\"Biografie des Trickfilmregisseurs Thomas Stellmach\" \/>\n<meta property=\"og:description\" content=\"Oscar\u00ae-pr\u00e4mierter Trickfilmer aus Kassel. 150+ Preise f\u00fcr Kurzfilme und Workshops. Einblicke in seine Arbeit und kreative Entwicklung.\" \/>\n<meta property=\"og:url\" content=\"https:\/\/stellmach.com\/de\/ueber-mich\/thomas-stellmach-biografie\/\" \/>\n<meta property=\"og:site_name\" content=\"Thomas Stellmach\" \/>\n<meta property=\"article:publisher\" content=\"https:\/\/www.facebook.com\/thomas.stellmach\/\" \/>\n<meta property=\"article:modified_time\" content=\"2025-08-08T14:55:38+00:00\" \/>\n<meta name=\"twitter:card\" content=\"summary_large_image\" \/>\n<meta name=\"twitter:label1\" content=\"Gesch\u00e4tzte Lesezeit\" \/>\n\t<meta name=\"twitter:data1\" content=\"3\u00a0Minuten\" \/>\n<script type=\"application\/ld+json\" class=\"yoast-schema-graph\">{\"@context\":\"https:\/\/schema.org\",\"@graph\":[{\"@type\":\"WebPage\",\"@id\":\"https:\/\/stellmach.com\/de\/ueber-mich\/thomas-stellmach-biografie\/\",\"url\":\"https:\/\/stellmach.com\/de\/ueber-mich\/thomas-stellmach-biografie\/\",\"name\":\"Biografie des Trickfilmregisseurs Thomas Stellmach\",\"isPartOf\":{\"@id\":\"https:\/\/stellmach.com\/de\/#website\"},\"datePublished\":\"2017-08-11T08:08:48+00:00\",\"dateModified\":\"2025-08-08T14:55:38+00:00\",\"description\":\"Oscar\u00ae-pr\u00e4mierter Trickfilmer aus Kassel. 150+ Preise f\u00fcr Kurzfilme und Workshops. Einblicke in seine Arbeit und kreative Entwicklung.\",\"breadcrumb\":{\"@id\":\"https:\/\/stellmach.com\/de\/ueber-mich\/thomas-stellmach-biografie\/#breadcrumb\"},\"inLanguage\":\"de\",\"potentialAction\":[{\"@type\":\"ReadAction\",\"target\":[\"https:\/\/stellmach.com\/de\/ueber-mich\/thomas-stellmach-biografie\/\"]}]},{\"@type\":\"BreadcrumbList\",\"@id\":\"https:\/\/stellmach.com\/de\/ueber-mich\/thomas-stellmach-biografie\/#breadcrumb\",\"itemListElement\":[{\"@type\":\"ListItem\",\"position\":1,\"name\":\"Home\",\"item\":\"https:\/\/stellmach.com\/de\/\"},{\"@type\":\"ListItem\",\"position\":2,\"name\":\"\u00dcber mich\",\"item\":\"https:\/\/stellmach.com\/de\/ueber-mich\/\"},{\"@type\":\"ListItem\",\"position\":3,\"name\":\"Thomas Stellmach &#8211; Biografie\"}]},{\"@type\":\"WebSite\",\"@id\":\"https:\/\/stellmach.com\/de\/#website\",\"url\":\"https:\/\/stellmach.com\/de\/\",\"name\":\"Thomas Stellmach\",\"description\":\"animation filmmaker\",\"publisher\":{\"@id\":\"https:\/\/stellmach.com\/de\/#\/schema\/person\/cd2ed0643c553d6cadc5f31b15647374\"},\"alternateName\":\"Stellmach\",\"potentialAction\":[{\"@type\":\"SearchAction\",\"target\":{\"@type\":\"EntryPoint\",\"urlTemplate\":\"https:\/\/stellmach.com\/de\/?s={search_term_string}\"},\"query-input\":{\"@type\":\"PropertyValueSpecification\",\"valueRequired\":true,\"valueName\":\"search_term_string\"}}],\"inLanguage\":\"de\"},{\"@type\":[\"Person\",\"Organization\"],\"@id\":\"https:\/\/stellmach.com\/de\/#\/schema\/person\/cd2ed0643c553d6cadc5f31b15647374\",\"name\":\"Thomas Stellmach\",\"logo\":{\"@id\":\"https:\/\/stellmach.com\/de\/#\/schema\/person\/image\/\"},\"description\":\"Thomas Stellmach is animation director, producer, author and creator of short films. Amongst many international awards for his independent productions, he received in 1997 the Academy award (Oscar\u00ae) for the stop-motion film QUEST. He studied animation at the Kassel Academy of Arts. His productions include stop-motion, 2D\/3D animation, pixilation, experimental animation and stereoscopic. He holds animation workshops and is the presenter of his Trickfilm-Show.\",\"sameAs\":[\"https:\/\/stellmach.com\",\"https:\/\/www.facebook.com\/thomas.stellmach\/\",\"https:\/\/www.instagram.com\/stellmachanimation\",\"https:\/\/www.linkedin.com\/in\/thomasstellmach1\/\",\"https:\/\/www.pinterest.de\/oscarstellmach\/\",\"https:\/\/www.youtube.com\/@MrThomasStellmach\",\"https:\/\/de.wikipedia.org\/wiki\/Thomas_Stellmach\"]}]}<\/script>\n<!-- \/ Yoast SEO plugin. -->","yoast_head_json":{"title":"Biografie des Trickfilmregisseurs Thomas Stellmach","description":"Oscar\u00ae-pr\u00e4mierter Trickfilmer aus Kassel. 150+ Preise f\u00fcr Kurzfilme und Workshops. Einblicke in seine Arbeit und kreative Entwicklung.","robots":{"index":"index","follow":"follow","max-snippet":"max-snippet:-1","max-image-preview":"max-image-preview:large","max-video-preview":"max-video-preview:-1"},"canonical":"https:\/\/stellmach.com\/de\/ueber-mich\/thomas-stellmach-biografie\/","og_locale":"de_DE","og_type":"article","og_title":"Biografie des Trickfilmregisseurs Thomas Stellmach","og_description":"Oscar\u00ae-pr\u00e4mierter Trickfilmer aus Kassel. 150+ Preise f\u00fcr Kurzfilme und Workshops. Einblicke in seine Arbeit und kreative Entwicklung.","og_url":"https:\/\/stellmach.com\/de\/ueber-mich\/thomas-stellmach-biografie\/","og_site_name":"Thomas Stellmach","article_publisher":"https:\/\/www.facebook.com\/thomas.stellmach\/","article_modified_time":"2025-08-08T14:55:38+00:00","twitter_card":"summary_large_image","twitter_misc":{"Gesch\u00e4tzte Lesezeit":"3\u00a0Minuten"},"schema":{"@context":"https:\/\/schema.org","@graph":[{"@type":"WebPage","@id":"https:\/\/stellmach.com\/de\/ueber-mich\/thomas-stellmach-biografie\/","url":"https:\/\/stellmach.com\/de\/ueber-mich\/thomas-stellmach-biografie\/","name":"Biografie des Trickfilmregisseurs Thomas Stellmach","isPartOf":{"@id":"https:\/\/stellmach.com\/de\/#website"},"datePublished":"2017-08-11T08:08:48+00:00","dateModified":"2025-08-08T14:55:38+00:00","description":"Oscar\u00ae-pr\u00e4mierter Trickfilmer aus Kassel. 150+ Preise f\u00fcr Kurzfilme und Workshops. Einblicke in seine Arbeit und kreative Entwicklung.","breadcrumb":{"@id":"https:\/\/stellmach.com\/de\/ueber-mich\/thomas-stellmach-biografie\/#breadcrumb"},"inLanguage":"de","potentialAction":[{"@type":"ReadAction","target":["https:\/\/stellmach.com\/de\/ueber-mich\/thomas-stellmach-biografie\/"]}]},{"@type":"BreadcrumbList","@id":"https:\/\/stellmach.com\/de\/ueber-mich\/thomas-stellmach-biografie\/#breadcrumb","itemListElement":[{"@type":"ListItem","position":1,"name":"Home","item":"https:\/\/stellmach.com\/de\/"},{"@type":"ListItem","position":2,"name":"\u00dcber mich","item":"https:\/\/stellmach.com\/de\/ueber-mich\/"},{"@type":"ListItem","position":3,"name":"Thomas Stellmach &#8211; Biografie"}]},{"@type":"WebSite","@id":"https:\/\/stellmach.com\/de\/#website","url":"https:\/\/stellmach.com\/de\/","name":"Thomas Stellmach","description":"animation filmmaker","publisher":{"@id":"https:\/\/stellmach.com\/de\/#\/schema\/person\/cd2ed0643c553d6cadc5f31b15647374"},"alternateName":"Stellmach","potentialAction":[{"@type":"SearchAction","target":{"@type":"EntryPoint","urlTemplate":"https:\/\/stellmach.com\/de\/?s={search_term_string}"},"query-input":{"@type":"PropertyValueSpecification","valueRequired":true,"valueName":"search_term_string"}}],"inLanguage":"de"},{"@type":["Person","Organization"],"@id":"https:\/\/stellmach.com\/de\/#\/schema\/person\/cd2ed0643c553d6cadc5f31b15647374","name":"Thomas Stellmach","logo":{"@id":"https:\/\/stellmach.com\/de\/#\/schema\/person\/image\/"},"description":"Thomas Stellmach is animation director, producer, author and creator of short films. Amongst many international awards for his independent productions, he received in 1997 the Academy award (Oscar\u00ae) for the stop-motion film QUEST. He studied animation at the Kassel Academy of Arts. His productions include stop-motion, 2D\/3D animation, pixilation, experimental animation and stereoscopic. He holds animation workshops and is the presenter of his Trickfilm-Show.","sameAs":["https:\/\/stellmach.com","https:\/\/www.facebook.com\/thomas.stellmach\/","https:\/\/www.instagram.com\/stellmachanimation","https:\/\/www.linkedin.com\/in\/thomasstellmach1\/","https:\/\/www.pinterest.de\/oscarstellmach\/","https:\/\/www.youtube.com\/@MrThomasStellmach","https:\/\/de.wikipedia.org\/wiki\/Thomas_Stellmach"]}]}},"_links":{"self":[{"href":"https:\/\/stellmach.com\/de\/wp-json\/wp\/v2\/pages\/15280","targetHints":{"allow":["GET"]}}],"collection":[{"href":"https:\/\/stellmach.com\/de\/wp-json\/wp\/v2\/pages"}],"about":[{"href":"https:\/\/stellmach.com\/de\/wp-json\/wp\/v2\/types\/page"}],"author":[{"embeddable":true,"href":"https:\/\/stellmach.com\/de\/wp-json\/wp\/v2\/users\/4"}],"replies":[{"embeddable":true,"href":"https:\/\/stellmach.com\/de\/wp-json\/wp\/v2\/comments?post=15280"}],"version-history":[{"count":0,"href":"https:\/\/stellmach.com\/de\/wp-json\/wp\/v2\/pages\/15280\/revisions"}],"up":[{"embeddable":true,"href":"https:\/\/stellmach.com\/de\/wp-json\/wp\/v2\/pages\/19611"}],"wp:attachment":[{"href":"https:\/\/stellmach.com\/de\/wp-json\/wp\/v2\/media?parent=15280"}],"curies":[{"name":"wp","href":"https:\/\/api.w.org\/{rel}","templated":true}]}}