{"id":15115,"date":"2017-08-04T13:03:15","date_gmt":"2017-08-04T11:03:15","guid":{"rendered":"http:\/\/stellmach.iostage.net\/?page_id=15115"},"modified":"2025-10-06T10:08:29","modified_gmt":"2025-10-06T08:08:29","slug":"impressum","status":"publish","type":"page","link":"https:\/\/stellmach.com\/de\/impressum\/","title":{"rendered":"Impressum"},"content":{"rendered":"<div class=\"wpb-content-wrapper\"><p>[vc_row css_animation=&#8220;&#8220; row_type=&#8220;row&#8220; use_row_as_full_screen_section=&#8220;no&#8220; type=&#8220;full_width&#8220; angled_section=&#8220;no&#8220; text_align=&#8220;left&#8220; background_image_as_pattern=&#8220;without_pattern&#8220;][vc_column css=&#8220;.vc_custom_1503045615939{margin-top: 20px !important;}&#8220;][vc_column_text css=&#8220;.vc_custom_1759738029922{margin-bottom: 32px !important;}&#8220;]<\/p>\n<h4>Angaben gem\u00e4\u00df \u00a7 5 DDG<\/h4>\n<p>Thomas Stellmach Animation<br \/>Elfbuchenstra\u00dfe 22<br \/>34119 Kassel<\/p>\n<p>&nbsp;<\/p>\n<h4>Vertreten durch:<\/h4>\n<p>Thomas Stellmach<\/p>\n<h3><\/h3>\n<p><\/p>\n<h4>Kontakt:<\/h4>\n<p>Telefon: 0049 561 9371618<\/p>\n<p>E-Mail: <a href=\"mailto:thomas&#64;stellmach&#46;com\">thomas&#64;stellmach&#46;com<\/a><\/p>\n<p>&nbsp;<\/p>\n<h4>Umsatzsteuer-ID:<\/h4>\n<p>DE113007445<\/p>\n<p>&nbsp;<\/p>\n<h4>Verantwortlich f\u00fcr den Inhalt nach \u00a7 55 Abs. 2 RStV:<\/h4>\n<p>Thomas Stellmach Animation<br \/>Elfbuchenstra\u00dfe 22<br \/>34119 Kassel<\/p>\n<p>&nbsp;<\/p>\n<p>&nbsp;<\/p>\n<h3>Haftungsausschluss:<\/h3>\n<p><\/p>\n<h4>Haftung f\u00fcr Inhalte<\/h4>\n<p>Die Inhalte unserer Seiten wurden mit gr\u00f6\u00dfter Sorgfalt erstellt. F\u00fcr die Richtigkeit, Vollst\u00e4ndigkeit und Aktualit\u00e4t der Inhalte k\u00f6nnen wir jedoch keine Gew\u00e4hr \u00fcbernehmen. Als Diensteanbieter sind wir gem\u00e4\u00df \u00a7 7 Abs.1 DDG f\u00fcr eigene Inhalte auf diesen Seiten nach den allgemeinen Gesetzen verantwortlich. Nach \u00a7\u00a7 8 bis 10 DDG sind wir als Diensteanbieter jedoch nicht verpflichtet, \u00fcbermittelte oder gespeicherte fremde Informationen zu \u00fcberwachen oder nach Umst\u00e4nden zu forschen, die auf eine rechtswidrige T\u00e4tigkeit hinweisen. Verpflichtungen zur Entfernung oder Sperrung der Nutzung von Informationen nach den allgemeinen Gesetzen bleiben hiervon unber\u00fchrt. Eine diesbez\u00fcgliche Haftung ist jedoch erst ab dem Zeitpunkt der Kenntnis einer konkreten Rechtsverletzung m\u00f6glich. Bei Bekanntwerden von entsprechenden Rechtsverletzungen werden wir diese Inhalte umgehend entfernen.<\/p>\n<p>&nbsp;<\/p>\n<h4>Haftung f\u00fcr Links<\/h4>\n<p>Unser Angebot enth\u00e4lt Links zu externen Webseiten Dritter, auf deren Inhalte wir keinen Einfluss haben. Deshalb k\u00f6nnen wir f\u00fcr diese fremden Inhalte auch keine Gew\u00e4hr \u00fcbernehmen. F\u00fcr die Inhalte der verlinkten Seiten ist stets der jeweilige Anbieter oder Betreiber der Seiten verantwortlich. Die verlinkten Seiten wurden zum Zeitpunkt der Verlinkung auf m\u00f6gliche Rechtsverst\u00f6\u00dfe \u00fcberpr\u00fcft. Rechtswidrige Inhalte waren zum Zeitpunkt der Verlinkung nicht erkennbar. Eine permanente inhaltliche Kontrolle der verlinkten Seiten ist jedoch ohne konkrete Anhaltspunkte einer Rechtsverletzung nicht zumutbar. Bei Bekanntwerden von Rechtsverletzungen werden wir derartige Links umgehend entfernen.<\/p>\n<p>&nbsp;<\/p>\n<h4>Urheberrecht<\/h4>\n<p>Die durch die Seitenbetreiber erstellten Inhalte und Werke auf diesen Seiten unterliegen dem deutschen Urheberrecht. Die Vervielf\u00e4ltigung, Bearbeitung, Verbreitung und jede Art der Verwertung au\u00dferhalb der Grenzen des Urheberrechtes bed\u00fcrfen der schriftlichen Zustimmung des jeweiligen Autors bzw. Erstellers. Downloads und Kopien dieser Seite sind nur f\u00fcr den privaten, nicht kommerziellen Gebrauch gestattet. Soweit die Inhalte auf dieser Seite nicht vom Betreiber erstellt wurden, werden die Urheberrechte Dritter beachtet. Insbesondere werden Inhalte Dritter als solche gekennzeichnet. Sollten Sie trotzdem auf eine Urheberrechtsverletzung aufmerksam werden, bitten wir um einen entsprechenden Hinweis. Bei Bekanntwerden von Rechtsverletzungen werden wir derartige Inhalte umgehend entfernen.<\/p>\n<p>&nbsp;<\/p>\n<h4>Datenschutz<\/h4>\n<p>Die Nutzung unserer Webseite ist in der Regel ohne Angabe personenbezogener Daten m\u00f6glich. Soweit auf unseren Seiten personenbezogene Daten (beispielsweise Name, Anschrift oder eMail-Adressen) erhoben werden, erfolgt dies, soweit m\u00f6glich, stets auf freiwilliger Basis. Diese Daten werden ohne Ihre ausdr\u00fcckliche Zustimmung nicht an Dritte weitergegeben.<br \/>Wir weisen darauf hin, dass die Daten\u00fcbertragung im Internet (z.B. bei der Kommunikation per E-Mail) Sicherheitsl\u00fccken aufweisen kann. Ein l\u00fcckenloser Schutz der Daten vor dem Zugriff durch Dritte ist nicht m\u00f6glich.<br \/>Der Nutzung von im Rahmen der Impressumspflicht ver\u00f6ffentlichten Kontaktdaten durch Dritte zur \u00dcbersendung von nicht ausdr\u00fccklich angeforderter Werbung und Informationsmaterialien wird hiermit ausdr\u00fccklich widersprochen. Die Betreiber der Seiten behalten sich ausdr\u00fccklich rechtliche Schritte im Falle der unverlangten Zusendung von Werbeinformationen, etwa durch Spam-Mails, vor.<\/p>\n<p>&nbsp;<\/p>\n<h4>Google Analytics<\/h4>\n<p>Diese Website benutzt Google Analytics, einen Webanalysedienst der Google Inc. (&#8220;Google&#8220;). Google Analytics verwendet sog. &#8220;Cookies&#8220;, Textdateien, die auf Ihrem Computer gespeichert werden und die eine Analyse der Benutzung der Website durch Sie erm\u00f6glicht. Die durch den Cookie erzeugten Informationen \u00fcber Ihre Benutzung dieser Website (einschlie\u00dflich Ihrer IP-Adresse) wird an einen Server von Google in den USA \u00fcbertragen und dort gespeichert. Google wird diese Informationen benutzen, um Ihre Nutzung der Website auszuwerten, um Reports \u00fcber die Websiteaktivit\u00e4ten f\u00fcr die Websitebetreiber zusammenzustellen und um weitere mit der Websitenutzung und der Internetnutzung verbundene Dienstleistungen zu erbringen. Auch wird Google diese Informationen gegebenenfalls an Dritte \u00fcbertragen, sofern dies gesetzlich vorgeschrieben oder soweit Dritte diese Daten im Auftrag von Google verarbeiten. Google wird in keinem Fall Ihre IP-Adresse mit anderen Daten der Google in Verbindung bringen. Sie k\u00f6nnen die Installation der Cookies durch eine entsprechende Einstellung Ihrer Browser Software verhindern; wir weisen Sie jedoch darauf hin, dass Sie in diesem Fall gegebenenfalls nicht s\u00e4mtliche Funktionen dieser Website voll umf\u00e4nglich nutzen k\u00f6nnen. Durch die Nutzung dieser Website erkl\u00e4ren Sie sich mit der Bearbeitung der \u00fcber Sie erhobenen Daten durch Google in der zuvor beschriebenen Art und Weise und zu dem zuvor benannten Zweck einverstanden.[\/vc_column_text][\/vc_column][\/vc_row]<\/p>\n<\/div>","protected":false},"excerpt":{"rendered":"<p>[vc_row css_animation=&#8220;&#8220; row_type=&#8220;row&#8220; use_row_as_full_screen_section=&#8220;no&#8220; type=&#8220;full_width&#8220; angled_section=&#8220;no&#8220; text_align=&#8220;left&#8220; background_image_as_pattern=&#8220;without_pattern&#8220;][vc_column css=&#8220;.vc_custom_1503045615939{margin-top: 20px !important;}&#8220;][vc_column_text css=&#8220;.vc_custom_1759738029922{margin-bottom: 32px !important;}&#8220;] Angaben gem\u00e4\u00df \u00a7 5 DDG Thomas Stellmach AnimationElfbuchenstra\u00dfe 2234119 Kassel &nbsp; Vertreten durch: Thomas Stellmach Kontakt: Telefon: 0049 561 9371618 E-Mail: thomas&#64;stellmach&#46;com &nbsp; Umsatzsteuer-ID: DE113007445 &nbsp; Verantwortlich f\u00fcr den Inhalt nach&#8230;<\/p>\n","protected":false},"author":4,"featured_media":0,"parent":0,"menu_order":40,"comment_status":"closed","ping_status":"closed","template":"","meta":{"footnotes":""},"class_list":["post-15115","page","type-page","status-publish","hentry"],"yoast_head":"<!-- This site is optimized with the Yoast SEO plugin v27.0 - https:\/\/yoast.com\/product\/yoast-seo-wordpress\/ -->\n<title>Impressum - Thomas Stellmach<\/title>\n<meta name=\"description\" content=\"Impressum - Informationen \u00fcber den verantwortlichen Vertreter der Website Thomas Stellmach Animation und den Haftungsausschluss, gem\u00e4\u00df \u00a7 5 DDG.\" \/>\n<meta name=\"robots\" content=\"index, follow, max-snippet:-1, max-image-preview:large, max-video-preview:-1\" \/>\n<link rel=\"canonical\" href=\"https:\/\/stellmach.com\/de\/impressum\/\" \/>\n<meta property=\"og:locale\" content=\"de_DE\" \/>\n<meta property=\"og:type\" content=\"article\" \/>\n<meta property=\"og:title\" content=\"Impressum - Thomas Stellmach\" \/>\n<meta property=\"og:description\" content=\"Impressum - Informationen \u00fcber den verantwortlichen Vertreter der Website Thomas Stellmach Animation und den Haftungsausschluss, gem\u00e4\u00df \u00a7 5 DDG.\" \/>\n<meta property=\"og:url\" content=\"https:\/\/stellmach.com\/de\/impressum\/\" \/>\n<meta property=\"og:site_name\" content=\"Thomas Stellmach\" \/>\n<meta property=\"article:publisher\" content=\"https:\/\/www.facebook.com\/thomas.stellmach\/\" \/>\n<meta property=\"article:modified_time\" content=\"2025-10-06T08:08:29+00:00\" \/>\n<meta name=\"twitter:card\" content=\"summary_large_image\" \/>\n<meta name=\"twitter:label1\" content=\"Gesch\u00e4tzte Lesezeit\" \/>\n\t<meta name=\"twitter:data1\" content=\"4\u00a0Minuten\" \/>\n<script type=\"application\/ld+json\" class=\"yoast-schema-graph\">{\"@context\":\"https:\/\/schema.org\",\"@graph\":[{\"@type\":\"WebPage\",\"@id\":\"https:\/\/stellmach.com\/de\/impressum\/\",\"url\":\"https:\/\/stellmach.com\/de\/impressum\/\",\"name\":\"Impressum - Thomas Stellmach\",\"isPartOf\":{\"@id\":\"https:\/\/stellmach.com\/de\/#website\"},\"datePublished\":\"2017-08-04T11:03:15+00:00\",\"dateModified\":\"2025-10-06T08:08:29+00:00\",\"description\":\"Impressum - Informationen \u00fcber den verantwortlichen Vertreter der Website Thomas Stellmach Animation und den Haftungsausschluss, gem\u00e4\u00df \u00a7 5 DDG.\",\"breadcrumb\":{\"@id\":\"https:\/\/stellmach.com\/de\/impressum\/#breadcrumb\"},\"inLanguage\":\"de\",\"potentialAction\":[{\"@type\":\"ReadAction\",\"target\":[\"https:\/\/stellmach.com\/de\/impressum\/\"]}]},{\"@type\":\"BreadcrumbList\",\"@id\":\"https:\/\/stellmach.com\/de\/impressum\/#breadcrumb\",\"itemListElement\":[{\"@type\":\"ListItem\",\"position\":1,\"name\":\"Home\",\"item\":\"https:\/\/stellmach.com\/de\/\"},{\"@type\":\"ListItem\",\"position\":2,\"name\":\"Impressum\"}]},{\"@type\":\"WebSite\",\"@id\":\"https:\/\/stellmach.com\/de\/#website\",\"url\":\"https:\/\/stellmach.com\/de\/\",\"name\":\"Thomas Stellmach\",\"description\":\"animation filmmaker\",\"publisher\":{\"@id\":\"https:\/\/stellmach.com\/de\/#\/schema\/person\/cd2ed0643c553d6cadc5f31b15647374\"},\"alternateName\":\"Stellmach\",\"potentialAction\":[{\"@type\":\"SearchAction\",\"target\":{\"@type\":\"EntryPoint\",\"urlTemplate\":\"https:\/\/stellmach.com\/de\/?s={search_term_string}\"},\"query-input\":{\"@type\":\"PropertyValueSpecification\",\"valueRequired\":true,\"valueName\":\"search_term_string\"}}],\"inLanguage\":\"de\"},{\"@type\":[\"Person\",\"Organization\"],\"@id\":\"https:\/\/stellmach.com\/de\/#\/schema\/person\/cd2ed0643c553d6cadc5f31b15647374\",\"name\":\"Thomas Stellmach\",\"logo\":{\"@id\":\"https:\/\/stellmach.com\/de\/#\/schema\/person\/image\/\"},\"description\":\"Thomas Stellmach is animation director, producer, author and creator of short films. Amongst many international awards for his independent productions, he received in 1997 the Academy award (Oscar\u00ae) for the stop-motion film QUEST. He studied animation at the Kassel Academy of Arts. His productions include stop-motion, 2D\/3D animation, pixilation, experimental animation and stereoscopic. He holds animation workshops and is the presenter of his Trickfilm-Show.\",\"sameAs\":[\"https:\/\/stellmach.com\",\"https:\/\/www.facebook.com\/thomas.stellmach\/\",\"https:\/\/www.instagram.com\/stellmachanimation\",\"https:\/\/www.linkedin.com\/in\/thomasstellmach1\/\",\"https:\/\/www.pinterest.de\/oscarstellmach\/\",\"https:\/\/www.youtube.com\/@MrThomasStellmach\",\"https:\/\/de.wikipedia.org\/wiki\/Thomas_Stellmach\"]}]}<\/script>\n<!-- \/ Yoast SEO plugin. -->","yoast_head_json":{"title":"Impressum - Thomas Stellmach","description":"Impressum - Informationen \u00fcber den verantwortlichen Vertreter der Website Thomas Stellmach Animation und den Haftungsausschluss, gem\u00e4\u00df \u00a7 5 DDG.","robots":{"index":"index","follow":"follow","max-snippet":"max-snippet:-1","max-image-preview":"max-image-preview:large","max-video-preview":"max-video-preview:-1"},"canonical":"https:\/\/stellmach.com\/de\/impressum\/","og_locale":"de_DE","og_type":"article","og_title":"Impressum - Thomas Stellmach","og_description":"Impressum - Informationen \u00fcber den verantwortlichen Vertreter der Website Thomas Stellmach Animation und den Haftungsausschluss, gem\u00e4\u00df \u00a7 5 DDG.","og_url":"https:\/\/stellmach.com\/de\/impressum\/","og_site_name":"Thomas Stellmach","article_publisher":"https:\/\/www.facebook.com\/thomas.stellmach\/","article_modified_time":"2025-10-06T08:08:29+00:00","twitter_card":"summary_large_image","twitter_misc":{"Gesch\u00e4tzte Lesezeit":"4\u00a0Minuten"},"schema":{"@context":"https:\/\/schema.org","@graph":[{"@type":"WebPage","@id":"https:\/\/stellmach.com\/de\/impressum\/","url":"https:\/\/stellmach.com\/de\/impressum\/","name":"Impressum - Thomas Stellmach","isPartOf":{"@id":"https:\/\/stellmach.com\/de\/#website"},"datePublished":"2017-08-04T11:03:15+00:00","dateModified":"2025-10-06T08:08:29+00:00","description":"Impressum - Informationen \u00fcber den verantwortlichen Vertreter der Website Thomas Stellmach Animation und den Haftungsausschluss, gem\u00e4\u00df \u00a7 5 DDG.","breadcrumb":{"@id":"https:\/\/stellmach.com\/de\/impressum\/#breadcrumb"},"inLanguage":"de","potentialAction":[{"@type":"ReadAction","target":["https:\/\/stellmach.com\/de\/impressum\/"]}]},{"@type":"BreadcrumbList","@id":"https:\/\/stellmach.com\/de\/impressum\/#breadcrumb","itemListElement":[{"@type":"ListItem","position":1,"name":"Home","item":"https:\/\/stellmach.com\/de\/"},{"@type":"ListItem","position":2,"name":"Impressum"}]},{"@type":"WebSite","@id":"https:\/\/stellmach.com\/de\/#website","url":"https:\/\/stellmach.com\/de\/","name":"Thomas Stellmach","description":"animation filmmaker","publisher":{"@id":"https:\/\/stellmach.com\/de\/#\/schema\/person\/cd2ed0643c553d6cadc5f31b15647374"},"alternateName":"Stellmach","potentialAction":[{"@type":"SearchAction","target":{"@type":"EntryPoint","urlTemplate":"https:\/\/stellmach.com\/de\/?s={search_term_string}"},"query-input":{"@type":"PropertyValueSpecification","valueRequired":true,"valueName":"search_term_string"}}],"inLanguage":"de"},{"@type":["Person","Organization"],"@id":"https:\/\/stellmach.com\/de\/#\/schema\/person\/cd2ed0643c553d6cadc5f31b15647374","name":"Thomas Stellmach","logo":{"@id":"https:\/\/stellmach.com\/de\/#\/schema\/person\/image\/"},"description":"Thomas Stellmach is animation director, producer, author and creator of short films. Amongst many international awards for his independent productions, he received in 1997 the Academy award (Oscar\u00ae) for the stop-motion film QUEST. He studied animation at the Kassel Academy of Arts. His productions include stop-motion, 2D\/3D animation, pixilation, experimental animation and stereoscopic. He holds animation workshops and is the presenter of his Trickfilm-Show.","sameAs":["https:\/\/stellmach.com","https:\/\/www.facebook.com\/thomas.stellmach\/","https:\/\/www.instagram.com\/stellmachanimation","https:\/\/www.linkedin.com\/in\/thomasstellmach1\/","https:\/\/www.pinterest.de\/oscarstellmach\/","https:\/\/www.youtube.com\/@MrThomasStellmach","https:\/\/de.wikipedia.org\/wiki\/Thomas_Stellmach"]}]}},"_links":{"self":[{"href":"https:\/\/stellmach.com\/de\/wp-json\/wp\/v2\/pages\/15115","targetHints":{"allow":["GET"]}}],"collection":[{"href":"https:\/\/stellmach.com\/de\/wp-json\/wp\/v2\/pages"}],"about":[{"href":"https:\/\/stellmach.com\/de\/wp-json\/wp\/v2\/types\/page"}],"author":[{"embeddable":true,"href":"https:\/\/stellmach.com\/de\/wp-json\/wp\/v2\/users\/4"}],"replies":[{"embeddable":true,"href":"https:\/\/stellmach.com\/de\/wp-json\/wp\/v2\/comments?post=15115"}],"version-history":[{"count":3,"href":"https:\/\/stellmach.com\/de\/wp-json\/wp\/v2\/pages\/15115\/revisions"}],"predecessor-version":[{"id":36534,"href":"https:\/\/stellmach.com\/de\/wp-json\/wp\/v2\/pages\/15115\/revisions\/36534"}],"wp:attachment":[{"href":"https:\/\/stellmach.com\/de\/wp-json\/wp\/v2\/media?parent=15115"}],"curies":[{"name":"wp","href":"https:\/\/api.w.org\/{rel}","templated":true}]}}